{"id":1514,"date":"2023-08-08T13:14:59","date_gmt":"2023-08-08T13:14:59","guid":{"rendered":"https:\/\/old.lindhautomation.com\/?post_type=product&#038;p=1514"},"modified":"2024-01-12T17:38:03","modified_gmt":"2024-01-12T17:38:03","slug":"tosibox-175-access-point-for-wireless-devices-on-site","status":"publish","type":"product","link":"https:\/\/old.lindhautomation.com\/sv\/produkt\/tosibox-175-access-point-for-wireless-devices-on-site\/","title":{"rendered":"Tosibox 175 \u2013 Accesspunkt f\u00f6r tr\u00e5dl\u00f6sa enheter p\u00e5 plats"},"content":{"rendered":"<p>[et_pb_section fb_built=&#8221;1&#8243; _builder_version=&#8221;4.16&#8243; custom_padding=&#8221;0px||||false|false&#8221; global_colors_info=&#8221;{}&#8221;][et_pb_row _builder_version=&#8221;4.16&#8243; background_size=&#8221;initial&#8221; background_position=&#8221;top_left&#8221; background_repeat=&#8221;repeat&#8221; width=&#8221;100%&#8221; custom_padding=&#8221;0px||0px||false|false&#8221; global_colors_info=&#8221;{}&#8221;][et_pb_column type=&#8221;4_4&#8243; _builder_version=&#8221;4.16&#8243; custom_padding=&#8221;|||&#8221; global_colors_info=&#8221;{}&#8221; custom_padding__hover=&#8221;|||&#8221;][et_pb_wc_breadcrumb _builder_version=&#8221;4.16&#8243; global_colors_info=&#8221;{}&#8221;][\/et_pb_wc_breadcrumb][\/et_pb_column][\/et_pb_row][et_pb_row column_structure=&#8221;1_2,1_2&#8243; _builder_version=&#8221;4.16&#8243; background_size=&#8221;initial&#8221; background_position=&#8221;top_left&#8221; background_repeat=&#8221;repeat&#8221; width=&#8221;100%&#8221; min_height=&#8221;666.1px&#8221; custom_padding=&#8221;0px||0px||false|false&#8221; locked=&#8221;off&#8221; global_colors_info=&#8221;{}&#8221;][et_pb_column type=&#8221;1_2&#8243; _builder_version=&#8221;4.16&#8243; custom_padding=&#8221;|||&#8221; global_colors_info=&#8221;{}&#8221; custom_padding__hover=&#8221;|||&#8221;][et_pb_wc_images _builder_version=&#8221;4.20.2&#8243; custom_margin=&#8221;0px||9px||false|false&#8221; global_colors_info=&#8221;{}&#8221;][\/et_pb_wc_images][\/et_pb_column][et_pb_column type=&#8221;1_2&#8243; _builder_version=&#8221;4.16&#8243; custom_padding=&#8221;|||&#8221; global_colors_info=&#8221;{}&#8221; custom_padding__hover=&#8221;|||&#8221;][et_pb_wc_title _builder_version=&#8221;4.20.2&#8243; header_font=&#8221;|700|||||||&#8221; locked=&#8221;off&#8221; global_colors_info=&#8221;{}&#8221;][\/et_pb_wc_title][et_pb_wc_meta _builder_version=&#8221;4.16&#8243; custom_margin=&#8221;-5px||-8px|||&#8221; locked=&#8221;off&#8221; global_colors_info=&#8221;{}&#8221;][\/et_pb_wc_meta][et_pb_wc_price _builder_version=&#8221;4.16&#8243; custom_padding=&#8221;0px|||||&#8221; locked=&#8221;off&#8221; global_colors_info=&#8221;{}&#8221;][\/et_pb_wc_price][et_pb_wc_price _builder_version=&#8221;4.16&#8243; locked=&#8221;off&#8221; global_colors_info=&#8221;{}&#8221;][\/et_pb_wc_price][et_pb_wc_price _builder_version=&#8221;4.16&#8243; locked=&#8221;off&#8221; global_colors_info=&#8221;{}&#8221;][\/et_pb_wc_price][et_pb_wc_add_to_cart _builder_version=&#8221;4.16&#8243; custom_margin=&#8221;-12px||-3px|||&#8221; locked=&#8221;off&#8221; global_colors_info=&#8221;{}&#8221;][\/et_pb_wc_add_to_cart][et_pb_text _builder_version=&#8221;4.20.2&#8243; _module_preset=&#8221;default&#8221; text_line_height=&#8221;1.3em&#8221; header_5_line_height=&#8221;1.2em&#8221; transform_translate=&#8221;4px|5px&#8221; min_height=&#8221;197px&#8221; custom_margin=&#8221;-23px||2px|1px||&#8221; custom_padding=&#8221;0px||0px|0px||&#8221; global_colors_info=&#8221;{}&#8221;]<\/p>\n<p class=\"product-title\"><span style=\"color: #333333;\"><strong>Item # TBL175 <\/strong>&#8211; Tosibox 175 | Remote Remote Access Point for Wireless Devices On-site<\/span><\/p>\n<p>[\/et_pb_text][et_pb_text _builder_version=&#8221;4.20.2&#8243; _module_preset=&#8221;default&#8221; text_font=&#8221;|600|||||||&#8221; text_font_size=&#8221;15px&#8221; text_line_height=&#8221;1.6em&#8221; background_color=&#8221;rgba(0,145,242,0.12)&#8221; transform_translate=&#8221;2px|-3px&#8221; min_height=&#8221;79px&#8221; custom_margin=&#8221;-145px|33px|-20px||false|false&#8221; custom_padding=&#8221;20px|16px|0px||false|false&#8221; border_radii=&#8221;on|11px|11px|11px|11px&#8221; locked=&#8221;off&#8221; global_colors_info=&#8221;{}&#8221;]<\/p>\n<ul>\n<li style=\"list-style-type: none;\">\n<ul class=\"cf normal-list\">\n<li><em><span style=\"color: #2e3800;\">High VPN throughput and end-to-end encryption between TOSIBOX\u00ae devices, users and servers<\/span><\/em><\/li>\n<li><em><span style=\"color: #2e3800;\">Integrated WiFi as connectivity method or access point for wireless devices on site<\/span><\/em><\/li>\n<li><em><span style=\"color: #2e3800;\">Built-in global LTE modem \u2013 no external modem needed<\/span><\/em><\/li>\n<li><em><span style=\"color: #2e3800;\">TosiOnline\u2122 automatic reconnection of dropped connections<\/span><\/em><\/li>\n<li><em><span style=\"color: #2e3800;\">Robust and fanless enclosure, DIN rail attachment<\/span><\/em><\/li>\n<\/ul>\n<\/li>\n<\/ul>\n<p>[\/et_pb_text][et_pb_button button_url=&#8221;mailto:brian@old.lindhautomation.com&#8221; url_new_window=&#8221;on&#8221; button_text=&#8221;Request a Quote&#8221; _builder_version=&#8221;4.20.2&#8243; _module_preset=&#8221;default&#8221; custom_margin=&#8221;58px||||false|false&#8221; locked=&#8221;off&#8221; global_colors_info=&#8221;{}&#8221;][\/et_pb_button][et_pb_text _builder_version=&#8221;4.20.2&#8243; _module_preset=&#8221;default&#8221; text_line_height=&#8221;1em&#8221; transform_translate=&#8221;0px|4px&#8221; custom_padding=&#8221;17px||0px|||&#8221; global_colors_info=&#8221;{}&#8221;]<\/p>\n<p><span style=\"font-size: large;\"><strong><span style=\"color: #333333;\">Need assistance?<\/span><\/strong><\/span><\/p>\n<p><span style=\"color: #333333; font-size: large;\"><strong><\/strong><\/span><\/p>\n<p><span style=\"font-size: large;\">Call: <strong><span style=\"color: #003366;\">+46 (0)40 636 8038<\/span><\/strong>\u00a0<\/span><\/p>\n<p><span style=\"font-size: large;\">Email: \u00a0<span style=\"text-decoration: underline; color: #003366;\"><strong><span lang=\"en-US\"><a href=\"mailto:brian@old.lindhautomation.com\" target=\"_blank\" rel=\"noopener noreferrer\" data-auth=\"NotApplicable\" data-safelink=\"true\" data-linkindex=\"3\" style=\"color: #003366;\"><span lang=\"sv\">brian@old.lindhautomation.com<\/span><\/a><\/span><\/strong><\/span><\/span><\/p>\n<p>[\/et_pb_text][et_pb_wc_price _builder_version=&#8221;4.16&#8243; locked=&#8221;off&#8221; global_colors_info=&#8221;{}&#8221;][\/et_pb_wc_price][\/et_pb_column][\/et_pb_row][et_pb_row _builder_version=&#8221;4.20.2&#8243; _module_preset=&#8221;default&#8221; width=&#8221;100%&#8221; custom_padding=&#8221;0px||0px|||&#8221; global_colors_info=&#8221;{}&#8221;][et_pb_column type=&#8221;4_4&#8243; _builder_version=&#8221;4.20.2&#8243; _module_preset=&#8221;default&#8221; global_colors_info=&#8221;{}&#8221;][et_pb_text _builder_version=&#8221;4.20.2&#8243; _module_preset=&#8221;default&#8221; header_2_line_height=&#8221;1.2em&#8221; transform_translate=&#8221;4px|-86px&#8221; min_height=&#8221;49px&#8221; custom_margin=&#8221;3px||89px|||&#8221; custom_padding=&#8221;127px||5px|||&#8221; locked=&#8221;off&#8221; inline_fonts=&#8221;Verdana&#8221; global_colors_info=&#8221;{}&#8221;]<\/p>\n<h2 style=\"text-align: center;\"><strong><em><span style=\"text-decoration: underline;\">Cost-effective Remote Access Device for Industrial Networks<\/span><\/em><\/strong><\/h2>\n<p>&nbsp;<\/p>\n<p><span style=\"color: #2e3800; font-family: Verdana; font-weight: normal;\">TOSIBOX\u00ae 175 is ideal for demanding industry sectors that require an all-in-one solution that is compact, able to handle all environments and suited to global market usage. The 4G module and external 4G antenna provides stable Internet access, so the node can be easily configured anywhere.<\/span><\/p>\n<p><span style=\"color: #2e3800; font-family: Verdana; font-weight: normal;\">The versatile connectivity options, utilized in conjunction with leading edge Cyber security technology from TOSIBOX\u00ae enable diverse application scenarios. The durable aluminium alloy shell and small form factor allows for ideal mounting conditions. Creating secure and sustainable infrastructure has never been this easy.<\/span><\/p>\n<p><span style=\"color: #2e3800; font-family: Verdana; font-weight: normal;\">The node is compatible with all existing TOSIBOX\u00ae products.<\/span><\/p>\n<p><span style=\"color: #2e3800; font-family: Verdana; font-weight: normal;\"><\/span><\/p>\n<h3><span style=\"text-decoration: underline;\">Key Features of Tosibox 175<\/span><\/h3>\n<ul>\n<li>High VPN throughput, end-to-end encryption between TOSIBOX\u00ae devices, users and servers<\/li>\n<li>Integrated WiFi as connectivity method or access point for wireless devices on site<\/li>\n<li>Built-in global LTE modem \u2013 no external modem needed<\/li>\n<li>TosiOnline\u2122 automatic reconnection of dropped connections<\/li>\n<li>Robust and fanless enclosure, DIN rail attachment<\/li>\n<\/ul>\n<p><span style=\"text-decoration: underline; color: #333333;\"><strong>Connections<\/strong><\/span><\/p>\n<ul>\n<li>9-35V DC<\/li>\n<li>2 x WiFi antenna connector, RP-SMA Male<\/li>\n<li>1 x LTE antenna connector, SMA Female<\/li>\n<li>DIN rail attachment (back)<\/li>\n<li>Maximum power consumption 10W<\/li>\n<\/ul>\n<p><strong><span style=\"text-decoration: underline; color: #333333;\">Physical Properties<\/span><\/strong><\/p>\n<ul>\n<li>104 mm x 28 mm x 110 mm \/ 4.09\u201d x 1.10\u201d x 4.33\u201d (L x W x H)<\/li>\n<li>Storage temperature -30 \u00b0C \u2026 +70 \u00b0C \/ -22 \u00b0F \u2026 +158 \u00b0F<\/li>\n<li>Weight 305 g \/ 0.67 lbs (net weight article)<\/li>\n<li>Operating temperature -20 \u00b0C&#8230;+55\u00b0C \/ -4\u00b0F&#8230;131\u00b0F<\/li>\n<li>Power supply operating temperature: 0 \u00b0C &#8230; +40 \u00b0C\/ 32 \u00b0F \u2026 +104 \u00b0F<\/li>\n<li>Power supply storage temperature: -20 \u00b0C &#8230; +80 \u00b0C\/ -4 \u00b0F \u2026 +176 \u00b0F<\/li>\n<\/ul>\n<p>&nbsp;<\/p>\n<p>[\/et_pb_text][et_pb_button button_url=&#8221;https:\/\/old.lindhautomation.com\/wp-content\/uploads\/2023\/10\/Tosibox_datasheet-175.pdf&#8221; url_new_window=&#8221;on&#8221; button_text=&#8221;PDF Data Sheet &#8221; _builder_version=&#8221;4.20.2&#8243; _module_preset=&#8221;default&#8221; transform_translate=&#8221;-1px|-156px&#8221; custom_margin=&#8221;106px||||false|false&#8221; hover_enabled=&#8221;0&#8243; global_colors_info=&#8221;{}&#8221; sticky_enabled=&#8221;0&#8243;][\/et_pb_button][\/et_pb_column][\/et_pb_row][et_pb_row _builder_version=&#8221;4.16&#8243; background_size=&#8221;initial&#8221; background_position=&#8221;top_left&#8221; background_repeat=&#8221;repeat&#8221; width=&#8221;100%&#8221; min_height=&#8221;1060.9px&#8221; custom_margin=&#8221;-51px|auto||auto||&#8221; custom_padding=&#8221;89px|||||&#8221; global_colors_info=&#8221;{}&#8221;][et_pb_column type=&#8221;4_4&#8243; _builder_version=&#8221;4.16&#8243; custom_padding=&#8221;|||&#8221; global_colors_info=&#8221;{}&#8221; custom_padding__hover=&#8221;|||&#8221;][et_pb_wc_upsells _builder_version=&#8221;4.16&#8243; global_colors_info=&#8221;{}&#8221;][\/et_pb_wc_upsells][et_pb_wc_related_products posts_number=&#8221;6&#8243; include_categories=&#8221;42&#8243; _builder_version=&#8221;4.20.2&#8243; custom_margin=&#8221;-116px|||||&#8221; global_colors_info=&#8221;{}&#8221;][\/et_pb_wc_related_products][\/et_pb_column][\/et_pb_row][\/et_pb_section]<\/p>\n","protected":false},"excerpt":{"rendered":"<p>Item # TBL175 &#8211; Tosibox 175 | Remote Remote Access Point for Wireless Devices On-site High VPN throughput and end-to-end encryption between TOSIBOX\u00ae devices, users and servers Integrated WiFi as connectivity method or access point for wireless devices on site Built-in global LTE modem \u2013 no external modem needed TosiOnline\u2122 automatic reconnection of dropped connections [&hellip;]<\/p>\n","protected":false},"featured_media":1515,"comment_status":"open","ping_status":"closed","template":"","meta":{"_et_pb_use_builder":"on","_et_pb_old_content":"","_et_gb_content_width":""},"product_brand":[],"product_cat":[66,46],"product_tag":[],"class_list":{"0":"post-1514","1":"product","2":"type-product","3":"status-publish","4":"has-post-thumbnail","6":"product_cat-all-products","7":"product_cat-remote-access-point","9":"first","10":"instock","11":"shipping-taxable","12":"product-type-simple"},"_links":{"self":[{"href":"https:\/\/old.lindhautomation.com\/sv\/wp-json\/wp\/v2\/product\/1514","targetHints":{"allow":["GET"]}}],"collection":[{"href":"https:\/\/old.lindhautomation.com\/sv\/wp-json\/wp\/v2\/product"}],"about":[{"href":"https:\/\/old.lindhautomation.com\/sv\/wp-json\/wp\/v2\/types\/product"}],"replies":[{"embeddable":true,"href":"https:\/\/old.lindhautomation.com\/sv\/wp-json\/wp\/v2\/comments?post=1514"}],"wp:featuredmedia":[{"embeddable":true,"href":"https:\/\/old.lindhautomation.com\/sv\/wp-json\/wp\/v2\/media\/1515"}],"wp:attachment":[{"href":"https:\/\/old.lindhautomation.com\/sv\/wp-json\/wp\/v2\/media?parent=1514"}],"wp:term":[{"taxonomy":"product_brand","embeddable":true,"href":"https:\/\/old.lindhautomation.com\/sv\/wp-json\/wp\/v2\/product_brand?post=1514"},{"taxonomy":"product_cat","embeddable":true,"href":"https:\/\/old.lindhautomation.com\/sv\/wp-json\/wp\/v2\/product_cat?post=1514"},{"taxonomy":"product_tag","embeddable":true,"href":"https:\/\/old.lindhautomation.com\/sv\/wp-json\/wp\/v2\/product_tag?post=1514"}],"curies":[{"name":"wp","href":"https:\/\/api.w.org\/{rel}","templated":true}]}}