{"id":1602,"date":"2023-08-09T12:18:29","date_gmt":"2023-08-09T12:18:29","guid":{"rendered":"https:\/\/old.lindhautomation.com\/?post_type=product&#038;p=1602"},"modified":"2023-10-18T17:02:33","modified_gmt":"2023-10-18T17:02:33","slug":"emcheck-ismz-emc-measuring-clamp-for-interference-currents","status":"publish","type":"product","link":"https:\/\/old.lindhautomation.com\/sv\/produkt\/emcheck-ismz-emc-measuring-clamp-for-interference-currents\/","title":{"rendered":"EMCheck ISMZ | EMC \u2013 M\u00e4tkl\u00e4mma f\u00f6r l\u00e4ckage, sk\u00e4rmning och st\u00f6rstr\u00f6mmar"},"content":{"rendered":"<p>[et_pb_section fb_built=&#8221;1&#8243; _builder_version=&#8221;4.16&#8243; custom_padding=&#8221;0px||||false|false&#8221; global_colors_info=&#8221;{}&#8221;][et_pb_row _builder_version=&#8221;4.16&#8243; background_size=&#8221;initial&#8221; background_position=&#8221;top_left&#8221; background_repeat=&#8221;repeat&#8221; width=&#8221;100%&#8221; custom_padding=&#8221;0px||0px||false|false&#8221; global_colors_info=&#8221;{}&#8221;][et_pb_column type=&#8221;4_4&#8243; _builder_version=&#8221;4.16&#8243; custom_padding=&#8221;|||&#8221; global_colors_info=&#8221;{}&#8221; custom_padding__hover=&#8221;|||&#8221;][et_pb_wc_breadcrumb _builder_version=&#8221;4.16&#8243; global_colors_info=&#8221;{}&#8221;][\/et_pb_wc_breadcrumb][\/et_pb_column][\/et_pb_row][et_pb_row column_structure=&#8221;1_2,1_2&#8243; _builder_version=&#8221;4.16&#8243; background_size=&#8221;initial&#8221; background_position=&#8221;top_left&#8221; background_repeat=&#8221;repeat&#8221; width=&#8221;100%&#8221; min_height=&#8221;666.1px&#8221; custom_padding=&#8221;0px||0px||false|false&#8221; locked=&#8221;off&#8221; global_colors_info=&#8221;{}&#8221;][et_pb_column type=&#8221;1_2&#8243; _builder_version=&#8221;4.16&#8243; custom_padding=&#8221;|||&#8221; global_colors_info=&#8221;{}&#8221; custom_padding__hover=&#8221;|||&#8221;][et_pb_wc_images _builder_version=&#8221;4.20.2&#8243; global_colors_info=&#8221;{}&#8221;][\/et_pb_wc_images][\/et_pb_column][et_pb_column type=&#8221;1_2&#8243; _builder_version=&#8221;4.16&#8243; custom_padding=&#8221;|||&#8221; global_colors_info=&#8221;{}&#8221; custom_padding__hover=&#8221;|||&#8221;][et_pb_wc_title _builder_version=&#8221;4.20.2&#8243; header_font=&#8221;|700|||||||&#8221; hover_enabled=&#8221;0&#8243; locked=&#8221;off&#8221; global_colors_info=&#8221;{}&#8221; sticky_enabled=&#8221;0&#8243;][\/et_pb_wc_title][et_pb_wc_meta _builder_version=&#8221;4.16&#8243; custom_margin=&#8221;-5px||-8px|||&#8221; locked=&#8221;off&#8221; global_colors_info=&#8221;{}&#8221;][\/et_pb_wc_meta][et_pb_wc_price _builder_version=&#8221;4.16&#8243; custom_padding=&#8221;0px|||||&#8221; locked=&#8221;off&#8221; global_colors_info=&#8221;{}&#8221;][\/et_pb_wc_price][et_pb_wc_price _builder_version=&#8221;4.16&#8243; locked=&#8221;off&#8221; global_colors_info=&#8221;{}&#8221;][\/et_pb_wc_price][et_pb_wc_price _builder_version=&#8221;4.16&#8243; locked=&#8221;off&#8221; global_colors_info=&#8221;{}&#8221;][\/et_pb_wc_price][et_pb_wc_add_to_cart _builder_version=&#8221;4.16&#8243; custom_margin=&#8221;-12px||-3px|||&#8221; locked=&#8221;off&#8221; global_colors_info=&#8221;{}&#8221;][\/et_pb_wc_add_to_cart][et_pb_text _builder_version=&#8221;4.20.2&#8243; _module_preset=&#8221;default&#8221; transform_translate=&#8221;4px|5px&#8221; min_height=&#8221;197px&#8221; custom_margin=&#8221;-24px||2px|||&#8221; custom_padding=&#8221;0px||0px|||&#8221; hover_enabled=&#8221;0&#8243; global_colors_info=&#8221;{}&#8221; text_line_height=&#8221;1.3em&#8221; sticky_enabled=&#8221;0&#8243;]<\/p>\n<p class=\"product-title\"><span style=\"color: #333333;\"><strong>Item # 122010020 <\/strong>&#8211; EMCheck ISMZ &#8211; EMC &#8211; Measuring clamp for leakage, shielding and interference currents<\/span><\/p>\n<p>[\/et_pb_text][et_pb_text _builder_version=&#8221;4.20.2&#8243; _module_preset=&#8221;default&#8221; text_font=&#8221;|600|||||||&#8221; text_font_size=&#8221;15px&#8221; text_line_height=&#8221;1.6em&#8221; background_color=&#8221;rgba(0,145,242,0.12)&#8221; transform_translate=&#8221;2px|-3px&#8221; min_height=&#8221;79px&#8221; custom_margin=&#8221;-129px||-3px||false|false&#8221; custom_padding=&#8221;26px|16px|0px||false|false&#8221; border_radii=&#8221;on|11px|11px|11px|11px&#8221; locked=&#8221;off&#8221; global_colors_info=&#8221;{}&#8221;]<\/p>\n<ul>\n<li style=\"list-style-type: none;\">\n<ul class=\"cf normal-list\">\n<li><span style=\"color: #2e3800;\"><em>Measuring leakage, shielding and interference currents<\/em><\/span><\/li>\n<li><span style=\"color: #2e3800;\"><em>Data recorded on internal memory for a period of up to 14 days<\/em><\/span><\/li>\n<li><span style=\"color: #2e3800;\"><em>Compact, portable, battery-operated current clamp<\/em><\/span><\/li>\n<li><span style=\"color: #2e3800;\"><em>Easy display and menu functions to asses existing current levels for a cable<\/em><\/span><\/li>\n<li><span style=\"color: #2e3800;\"><em>Data evaluation by dedicated software on a standard PC<\/em><\/span><\/li>\n<li><span style=\"color: #2e3800;\"><em>Additional storage medium in the form of a removable SD memory card<\/em><\/span><\/li>\n<\/ul>\n<\/li>\n<\/ul>\n<p>[\/et_pb_text][et_pb_button button_url=&#8221;mailto:brian@old.lindhautomation.com&#8221; url_new_window=&#8221;on&#8221; button_text=&#8221;Request a Quote&#8221; _builder_version=&#8221;4.20.2&#8243; _module_preset=&#8221;default&#8221; locked=&#8221;off&#8221; global_colors_info=&#8221;{}&#8221; custom_margin=&#8221;33px||33px||true|false&#8221;][\/et_pb_button][et_pb_text _builder_version=&#8221;4.20.2&#8243; _module_preset=&#8221;default&#8221; text_line_height=&#8221;1em&#8221; transform_translate=&#8221;0px|4px&#8221; custom_padding=&#8221;17px||0px|||&#8221; global_colors_info=&#8221;{}&#8221; theme_builder_area=&#8221;post_content&#8221; custom_margin=&#8221;-28px||2px|||&#8221;]<\/p>\n<p><span style=\"font-size: large;\"><strong><span style=\"color: #333333;\">Need assistance?<\/span><\/strong><\/span><\/p>\n<p><span style=\"color: #333333; font-size: large;\"><strong><\/strong><\/span><\/p>\n<p><span style=\"font-size: large;\">Call: <strong><span style=\"color: #003366;\">+46 (0)40 636 8038<\/span><\/strong>\u00a0<\/span><\/p>\n<p><span style=\"font-size: large;\">Email: \u00a0<span style=\"text-decoration: underline; color: #003366;\"><strong><span lang=\"en-US\"><a href=\"mailto:brian@old.lindhautomation.com\" target=\"_blank\" rel=\"noopener noreferrer\" data-auth=\"NotApplicable\" data-safelink=\"true\" data-linkindex=\"3\" style=\"color: #003366;\"><span lang=\"sv\">brian@old.lindhautomation.com<\/span><\/a><\/span><\/strong><\/span><\/span><\/p>\n<p>[\/et_pb_text][et_pb_wc_price _builder_version=&#8221;4.16&#8243; locked=&#8221;off&#8221; global_colors_info=&#8221;{}&#8221;][\/et_pb_wc_price][\/et_pb_column][\/et_pb_row][et_pb_row _builder_version=&#8221;4.20.2&#8243; _module_preset=&#8221;default&#8221; width=&#8221;100%&#8221; custom_padding=&#8221;0px||0px|||&#8221; global_colors_info=&#8221;{}&#8221;][et_pb_column type=&#8221;4_4&#8243; _builder_version=&#8221;4.20.2&#8243; _module_preset=&#8221;default&#8221; global_colors_info=&#8221;{}&#8221;][et_pb_text _builder_version=&#8221;4.20.2&#8243; _module_preset=&#8221;default&#8221; transform_translate=&#8221;4px|-86px&#8221; min_height=&#8221;49px&#8221; custom_margin=&#8221;-21px||89px|||&#8221; custom_padding=&#8221;105px||5px|||&#8221; hover_enabled=&#8221;0&#8243; locked=&#8221;off&#8221; inline_fonts=&#8221;Verdana&#8221; global_colors_info=&#8221;{}&#8221; sticky_enabled=&#8221;0&#8243;]<\/p>\n<h2 style=\"text-align: center;\"><strong><span style=\"text-decoration: underline;\"><em>Detecting Parasitic Currents Intelligently\u00a0<\/em><\/span><\/strong><\/h2>\n<p><strong><span style=\"text-decoration: underline;\"><em><\/em><\/span><\/strong><\/p>\n<p><strong><\/strong><\/p>\n<p><span style=\"font-family: Verdana; font-weight: normal; color: #2e3800;\">There are often undesirable interactions between power supply and control technology in complex industrial systems that might cause errors in control engineering. The intelligent current measuring clamp EMCheck<sup>\u00ae<\/sup>\u00a0ISMZ I is a mobile tool for detecting line-based parasitic currents in industrial plants. It detects values by its own, evaluates and records data.<\/span><\/p>\n<p><span style=\"font-family: Verdana; font-weight: normal; color: #2e3800;\">The integrated intelligence allows first surveys and hence first estimations of EMC susceptibility of plants without drawing on special tools. On the basis of the captured measuring data, a large variety of malfunctions can be adequately analysed. Therefore, the need to use more sophisticated devices, and to call in a qualified expert can be reduced to a small number of incidents.<\/span><\/p>\n<p><span style=\"font-family: Verdana; font-weight: normal; color: #2e3800;\"><\/span><\/p>\n<h3><strong><span style=\"font-family: Verdana; color: #2ea3f2;\">Highlights of ISMZ I Measuring Clamp<\/span><\/strong><\/h3>\n<ul>\n<li><span style=\"font-family: Verdana; font-weight: normal; color: #2ea3f2;\">Measuring leakage, shielding and interference currents<\/span><\/li>\n<li><span style=\"font-family: Verdana; font-weight: normal; color: #2ea3f2;\">Data recorded on internal memory for a period of up to 14 days<\/span><\/li>\n<li><span style=\"font-family: Verdana; font-weight: normal; color: #2ea3f2;\">Compact, portable, battery-operated current clamp<\/span><\/li>\n<li><span style=\"font-family: Verdana; font-weight: normal; color: #2ea3f2;\">Easy and intuitive operation<\/span><\/li>\n<li><span style=\"font-family: Verdana; font-weight: normal; color: #2ea3f2;\">Independent capture, evaluation and recording of data<\/span><\/li>\n<li><span style=\"font-family: Verdana; font-weight: normal; color: #2ea3f2;\">Easy display and menu functions to assess existing current levels for a cable<\/span><\/li>\n<li><span style=\"font-family: Verdana; font-weight: normal; color: #2ea3f2;\">Data evaluation by dedicated software on a standard PC<\/span><\/li>\n<li><span style=\"font-family: Verdana; font-weight: normal; color: #2ea3f2;\">Additional storage medium in the form of a removable SD card (memory card)<\/span><\/li>\n<\/ul>\n<p><span style=\"font-family: Verdana; font-weight: normal; color: #2ea3f2;\"><\/span><\/p>\n<p><span style=\"font-family: Verdana; font-weight: normal; color: #2ea3f2;\"><\/span><\/p>\n<h4><span style=\"font-family: Verdana; font-weight: normal; color: #2e3800;\"><strong>Intelligent capture of sporadic interference peaks &#8211; Mobile or Stationary<\/strong><\/span><\/h4>\n<p><span style=\"font-family: Verdana; font-weight: normal; color: #2e3800;\"><strong><\/strong><\/span><\/p>\n<p><span style=\"font-family: Verdana; font-weight: normal; color: #2e3800;\">To analyse a current course, it is important to know the amplitudes of the current. With the\u00a0<strong>EMCheck<\/strong><sup>\u00ae<\/sup><strong>\u00a0ISMZ I<\/strong>\u00a0and the\u00a0<a href=\"https:\/\/www.indu-sol.com\/en\/products\/emc\/diagnostics\/emv-inspektorr-v2\/\" style=\"color: #2e3800;\" target=\"_blank\" rel=\"noopener\">EMV-INspektor<sup>\u00ae<\/sup>\u00a0V2<\/a>, currents can be scanned at 40 kHz or 50 kHz. For each scan point, you also obtain the amplitude in order to realise a meaningful analysis. The current data recorded in the devices can be easily accessed with the free\u00a0<strong>EMCheck<\/strong><sup>\u00ae<\/sup><strong>\u00a0View<\/strong>\u00a0software.<\/span><\/p>\n<p>[\/et_pb_text][et_pb_text _builder_version=&#8221;4.20.2&#8243; _module_preset=&#8221;default&#8221; custom_margin=&#8221;-153px||2px|||&#8221; hover_enabled=&#8221;0&#8243; global_colors_info=&#8221;{}&#8221; text_font_size=&#8221;27px&#8221; sticky_enabled=&#8221;0&#8243;]<\/p>\n<p style=\"text-align: center;\"><span style=\"text-decoration: underline; color: #333333;\"><strong>PDF Data Sheet<\/strong><\/span><\/p>\n<p>[\/et_pb_text][\/et_pb_column][\/et_pb_row][et_pb_row _builder_version=&#8221;4.20.2&#8243; _module_preset=&#8221;default&#8221; custom_padding=&#8221;0px|||||&#8221; global_colors_info=&#8221;{}&#8221;][et_pb_column type=&#8221;4_4&#8243; _builder_version=&#8221;4.20.2&#8243; _module_preset=&#8221;default&#8221; global_colors_info=&#8221;{}&#8221;][et_pb_image src=&#8221;https:\/\/old.lindhautomation.com\/wp-content\/uploads\/2023\/08\/EmCheck_ISMZ_I_Data-Sheet.jpg&#8221; title_text=&#8221;EmCheck_ISMZ_I_Data Sheet&#8221; _builder_version=&#8221;4.20.2&#8243; _module_preset=&#8221;default&#8221; custom_margin=&#8221;-73px|-41px||-42px||&#8221; border_width_all=&#8221;2px&#8221; border_color_all=&#8221;#2E3800&#8243; global_colors_info=&#8221;{}&#8221;][\/et_pb_image][\/et_pb_column][\/et_pb_row][et_pb_row _builder_version=&#8221;4.16&#8243; background_size=&#8221;initial&#8221; background_position=&#8221;top_left&#8221; background_repeat=&#8221;repeat&#8221; width=&#8221;100%&#8221; min_height=&#8221;1060.9px&#8221; custom_margin=&#8221;-51px|auto||auto||&#8221; custom_padding=&#8221;89px|||||&#8221; global_colors_info=&#8221;{}&#8221;][et_pb_column type=&#8221;4_4&#8243; _builder_version=&#8221;4.16&#8243; custom_padding=&#8221;|||&#8221; global_colors_info=&#8221;{}&#8221; custom_padding__hover=&#8221;|||&#8221;][et_pb_wc_upsells _builder_version=&#8221;4.16&#8243; global_colors_info=&#8221;{}&#8221;][\/et_pb_wc_upsells][et_pb_wc_related_products include_categories=&#8221;44&#8243; _builder_version=&#8221;4.20.2&#8243; custom_margin=&#8221;-41px|||||&#8221; global_colors_info=&#8221;{}&#8221;][\/et_pb_wc_related_products][\/et_pb_column][\/et_pb_row][\/et_pb_section]<\/p>\n","protected":false},"excerpt":{"rendered":"<p>Item # 122010020 &#8211; EMCheck ISMZ &#8211; EMC &#8211; Measuring clamp for leakage, shielding and interference currents Measuring leakage, shielding and interference currents Data recorded on internal memory for a period of up to 14 days Compact, portable, battery-operated current clamp Easy display and menu functions to asses existing current levels for a cable Data [&hellip;]<\/p>\n","protected":false},"featured_media":670,"comment_status":"open","ping_status":"closed","template":"","meta":{"_et_pb_use_builder":"on","_et_pb_old_content":"","_et_gb_content_width":""},"product_brand":[],"product_cat":[66,55,44],"product_tag":[],"class_list":{"0":"post-1602","1":"product","2":"type-product","3":"status-publish","4":"has-post-thumbnail","6":"product_cat-all-products","7":"product_cat-diagnostic-tools","8":"product_cat-emcheck","10":"first","11":"instock","12":"shipping-taxable","13":"product-type-simple"},"_links":{"self":[{"href":"https:\/\/old.lindhautomation.com\/sv\/wp-json\/wp\/v2\/product\/1602","targetHints":{"allow":["GET"]}}],"collection":[{"href":"https:\/\/old.lindhautomation.com\/sv\/wp-json\/wp\/v2\/product"}],"about":[{"href":"https:\/\/old.lindhautomation.com\/sv\/wp-json\/wp\/v2\/types\/product"}],"replies":[{"embeddable":true,"href":"https:\/\/old.lindhautomation.com\/sv\/wp-json\/wp\/v2\/comments?post=1602"}],"wp:featuredmedia":[{"embeddable":true,"href":"https:\/\/old.lindhautomation.com\/sv\/wp-json\/wp\/v2\/media\/670"}],"wp:attachment":[{"href":"https:\/\/old.lindhautomation.com\/sv\/wp-json\/wp\/v2\/media?parent=1602"}],"wp:term":[{"taxonomy":"product_brand","embeddable":true,"href":"https:\/\/old.lindhautomation.com\/sv\/wp-json\/wp\/v2\/product_brand?post=1602"},{"taxonomy":"product_cat","embeddable":true,"href":"https:\/\/old.lindhautomation.com\/sv\/wp-json\/wp\/v2\/product_cat?post=1602"},{"taxonomy":"product_tag","embeddable":true,"href":"https:\/\/old.lindhautomation.com\/sv\/wp-json\/wp\/v2\/product_tag?post=1602"}],"curies":[{"name":"wp","href":"https:\/\/api.w.org\/{rel}","templated":true}]}}